{"id":174,"date":"2024-03-17T11:48:48","date_gmt":"2024-03-17T10:48:48","guid":{"rendered":"https:\/\/erchiro.fr\/?page_id=174"},"modified":"2024-05-03T15:25:42","modified_gmt":"2024-05-03T13:25:42","slug":"consultations-2","status":"publish","type":"page","link":"https:\/\/erchiro.fr\/index.php\/consultations-2\/","title":{"rendered":"Les consultations"},"content":{"rendered":"<p>[et_pb_section fb_built=\u00a0\u00bb1&Prime; _builder_version=\u00a0\u00bb4.24.2&Prime; _module_preset=\u00a0\u00bbdefault\u00a0\u00bb background_image=\u00a0\u00bbhttp:\/\/erchiro.fr\/wp-content\/uploads\/2024\/02\/hanche.jpg\u00a0\u00bb global_colors_info=\u00a0\u00bb{}\u00a0\u00bb][et_pb_row _builder_version=\u00a0\u00bb4.24.2&Prime; _module_preset=\u00a0\u00bbdefault\u00a0\u00bb global_colors_info=\u00a0\u00bb{}\u00a0\u00bb][et_pb_column type=\u00a0\u00bb4_4&Prime; _builder_version=\u00a0\u00bb4.24.2&Prime; _module_preset=\u00a0\u00bbdefault\u00a0\u00bb global_colors_info=\u00a0\u00bb{}\u00a0\u00bb][et_pb_text _builder_version=\u00a0\u00bb4.24.2&Prime; _module_preset=\u00a0\u00bbdefault\u00a0\u00bb background_color=\u00a0\u00bb#899d7f\u00a0\u00bb width=\u00a0\u00bb100%\u00a0\u00bb custom_padding=\u00a0\u00bb20px||20px||true|false\u00a0\u00bb global_module=\u00a0\u00bb213&Prime; saved_tabs=\u00a0\u00bball\u00a0\u00bb global_colors_info=\u00a0\u00bb{}\u00a0\u00bb]<\/p>\n<h1 style=\"text-align: center;\"><span style=\"color: #ffffff;\">Les consultations<\/span><\/h1>\n<p>[\/et_pb_text][\/et_pb_column][\/et_pb_row][et_pb_row _builder_version=\u00a0\u00bb4.24.2&Prime; _module_preset=\u00a0\u00bbdefault\u00a0\u00bb background_color=\u00a0\u00bb#FFFFFF\u00a0\u00bb width=\u00a0\u00bb75%\u00a0\u00bb max_width=\u00a0\u00bb2560px\u00a0\u00bb global_colors_info=\u00a0\u00bb{}\u00a0\u00bb][et_pb_column type=\u00a0\u00bb4_4&Prime; _builder_version=\u00a0\u00bb4.24.2&Prime; _module_preset=\u00a0\u00bbdefault\u00a0\u00bb global_colors_info=\u00a0\u00bb{}\u00a0\u00bb][et_pb_text _builder_version=\u00a0\u00bb4.24.2&Prime; _module_preset=\u00a0\u00bbdefault\u00a0\u00bb text_text_color=\u00a0\u00bb#3a8498&Prime; text_font_size=\u00a0\u00bb24px\u00a0\u00bb width=\u00a0\u00bb95%\u00a0\u00bb max_width=\u00a0\u00bb95%\u00a0\u00bb module_alignment=\u00a0\u00bbcenter\u00a0\u00bb custom_margin=\u00a0\u00bb||14px|||\u00a0\u00bb hover_enabled=\u00a0\u00bb0&Prime; global_colors_info=\u00a0\u00bb{}\u00a0\u00bb sticky_enabled=\u00a0\u00bb0&Prime;]<\/p>\n<p><span style=\"color: #899d7f;\"><strong>La premi\u00e8re visite : d\u00e9tection, d\u00e9finition du plan de soin et prise en charge<\/strong><\/span><\/p>\n<p>[\/et_pb_text][et_pb_text _builder_version=\u00a0\u00bb4.24.2&Prime; _module_preset=\u00a0\u00bbdefault\u00a0\u00bb width=\u00a0\u00bb89%\u00a0\u00bb module_alignment=\u00a0\u00bbcenter\u00a0\u00bb custom_padding=\u00a0\u00bb|0px||0px|false|false\u00a0\u00bb custom_padding_tablet=\u00a0\u00bb|||5px|false|false\u00a0\u00bb custom_padding_phone=\u00a0\u00bb|||5px|false|false\u00a0\u00bb custom_padding_last_edited=\u00a0\u00bbon|phone\u00a0\u00bb hover_enabled=\u00a0\u00bb0&Prime; global_colors_info=\u00a0\u00bb{}\u00a0\u00bb sticky_enabled=\u00a0\u00bb0&Prime;]<\/p>\n<p>J&rsquo;accorde une attention particuli\u00e8re \u00e0 votre histoire m\u00e9dicale, \u00e0 vos pr\u00e9occupations actuelles et \u00e0 votre mode de vie lors de notre premi\u00e8re rencontre. Cela me permet de mieux cerner vos besoins et de fixer ensemble des objectifs r\u00e9alistes et personnalis\u00e9s pour votre prise en charge.<\/p>\n<p>Une \u00e9valuation compl\u00e8te de votre posture ainsi que des tests et une palpation de votre colonne vert\u00e9brale et de vos articulations seront effectu\u00e9s pour obtenir une compr\u00e9hension approfondie de votre corps et identifier l&rsquo;origine de vos douleurs ou inconforts.<\/p>\n<p>En fonction de vos besoins sp\u00e9cifiques, des objectifs discut\u00e9s et des r\u00e9sultats de l&rsquo;\u00e9valuation, nous \u00e9tablirons ensemble un plan de traitement adapt\u00e9, incluant des ajustements chiropratiques, des exercices, des conseils et une prise en charge globale, afin de r\u00e9pondre au mieux \u00e0 vos besoins.<\/p>\n<p>D\u00e8s votre premi\u00e8re s\u00e9ance,\u00a0 je commencerais \u00e0 mettre en \u0153uvre les ajustements n\u00e9cessaires pour vous aider \u00e0 retrouver votre bien-\u00eatre.<\/p>\n<p>[\/et_pb_text][et_pb_text _builder_version=\u00a0\u00bb4.24.2&Prime; _module_preset=\u00a0\u00bbdefault\u00a0\u00bb text_text_color=\u00a0\u00bb#3a8498&Prime; text_font_size=\u00a0\u00bb24px\u00a0\u00bb width=\u00a0\u00bb95%\u00a0\u00bb max_width=\u00a0\u00bb95%\u00a0\u00bb module_alignment=\u00a0\u00bbcenter\u00a0\u00bb custom_margin=\u00a0\u00bb||14px|||\u00a0\u00bb global_colors_info=\u00a0\u00bb{}\u00a0\u00bb]<\/p>\n<p><span style=\"color: #899d7f;\"><strong>Les suivis\u00a0: correction, soulagement et maintien<\/strong><\/span><\/p>\n<p>[\/et_pb_text][et_pb_text _builder_version=\u00a0\u00bb4.24.2&Prime; _module_preset=\u00a0\u00bbdefault\u00a0\u00bb width=\u00a0\u00bb89%\u00a0\u00bb module_alignment=\u00a0\u00bbcenter\u00a0\u00bb custom_padding_tablet=\u00a0\u00bb|||5px|false|false\u00a0\u00bb custom_padding_phone=\u00a0\u00bb|||5px|false|false\u00a0\u00bb custom_padding_last_edited=\u00a0\u00bbon|phone\u00a0\u00bb global_colors_info=\u00a0\u00bb{}\u00a0\u00bb]<\/p>\n<p>Initialement, mon objectif est de r\u00e9duire vos douleurs et de restaurer la souplesse de votre colonne vert\u00e9brale ainsi que des diff\u00e9rentes articulations et structures impliqu\u00e9es dans votre probl\u00e8me. Ce processus n\u00e9cessite du temps, d&rsquo;o\u00f9 la n\u00e9cessit\u00e9 de r\u00e9p\u00e9ter r\u00e9guli\u00e8rement les ajustements pour obtenir des r\u00e9sultats efficaces. C&rsquo;est un peu comme apprendre \u00e0 marcher ou \u00e0 faire du v\u00e9lo ; la r\u00e9p\u00e9tition est cl\u00e9 pour atteindre le r\u00e9sultat souhait\u00e9. \u00c0 chaque ajustement, notre syst\u00e8me nerveux apprend progressivement \u00e0 fonctionner sans les interf\u00e9rences qui provoquaient les messages de douleur, et il r\u00e9ajuste son sch\u00e9ma corporel.<\/p>\n<p>Une fois que vous atteignez un \u00e9tat de douleur minimal, voire inexistant, nous espacerons les s\u00e9ances au fil de votre progression. Cela nous permettra d&rsquo;\u00e9valuer la stabilit\u00e9 de votre condition et d&rsquo;optimiser les progr\u00e8s r\u00e9alis\u00e9s.<\/p>\n<p>[\/et_pb_text][et_pb_text _builder_version=\u00a0\u00bb4.24.2&Prime; _module_preset=\u00a0\u00bbdefault\u00a0\u00bb text_text_color=\u00a0\u00bb#3a8498&Prime; text_font_size=\u00a0\u00bb24px\u00a0\u00bb width=\u00a0\u00bb95%\u00a0\u00bb max_width=\u00a0\u00bb95%\u00a0\u00bb module_alignment=\u00a0\u00bbcenter\u00a0\u00bb custom_margin=\u00a0\u00bb||14px|||\u00a0\u00bb global_colors_info=\u00a0\u00bb{}\u00a0\u00bb]<\/p>\n<p><span style=\"color: #899d7f;\"><strong>La pr\u00e9vention <\/strong><\/span><\/p>\n<p>[\/et_pb_text][et_pb_text _builder_version=\u00a0\u00bb4.24.2&Prime; _module_preset=\u00a0\u00bbdefault\u00a0\u00bb width=\u00a0\u00bb89%\u00a0\u00bb module_alignment=\u00a0\u00bbcenter\u00a0\u00bb custom_padding_tablet=\u00a0\u00bb|||5px|false|false\u00a0\u00bb custom_padding_phone=\u00a0\u00bb|||5px|false|false\u00a0\u00bb custom_padding_last_edited=\u00a0\u00bbon|phone\u00a0\u00bb global_colors_info=\u00a0\u00bb{}\u00a0\u00bb]<\/p>\n<p>Chez le chiropracteur, nous ne pr\u00f4nons pas l&rsquo;attente d&rsquo;un mal de dos pour agir, tout comme on ne devrait pas attendre une carie pour consulter un dentiste. Que ce soit pour soulager une phase douloureuse ou pour un simple bilan postural, nos soins chiropratiques visent \u00e0 maintenir votre bien-\u00eatre et \u00e0 favoriser une sant\u00e9 optimale. En plus des ajustements, nous fournissons des conseils personnalis\u00e9s sur le mode de vie et les bonnes postures, afin d&rsquo;optimiser les r\u00e9sultats du traitement et de pr\u00e9venir les probl\u00e8mes futurs.<\/p>\n<p>[\/et_pb_text][\/et_pb_column][\/et_pb_row][\/et_pb_section]<\/p>\n","protected":false},"excerpt":{"rendered":"<p>Les consultations La premi\u00e8re visite : d\u00e9tection, d\u00e9finition du plan de soin et prise en chargeJ&rsquo;accorde une attention particuli\u00e8re \u00e0 votre histoire m\u00e9dicale, \u00e0 vos pr\u00e9occupations actuelles et \u00e0 votre mode de vie lors de notre premi\u00e8re rencontre. Cela me permet de mieux cerner vos besoins et de fixer ensemble des objectifs r\u00e9alistes et personnalis\u00e9s [&hellip;]<\/p>\n","protected":false},"author":1,"featured_media":0,"parent":0,"menu_order":0,"comment_status":"closed","ping_status":"closed","template":"","meta":{"_et_pb_use_builder":"on","_et_pb_old_content":"","_et_gb_content_width":"","_monsterinsights_skip_tracking":false,"_monsterinsights_sitenote_active":false,"_monsterinsights_sitenote_note":"","_monsterinsights_sitenote_category":0,"footnotes":""},"class_list":["post-174","page","type-page","status-publish","hentry"],"_links":{"self":[{"href":"https:\/\/erchiro.fr\/index.php\/wp-json\/wp\/v2\/pages\/174","targetHints":{"allow":["GET"]}}],"collection":[{"href":"https:\/\/erchiro.fr\/index.php\/wp-json\/wp\/v2\/pages"}],"about":[{"href":"https:\/\/erchiro.fr\/index.php\/wp-json\/wp\/v2\/types\/page"}],"author":[{"embeddable":true,"href":"https:\/\/erchiro.fr\/index.php\/wp-json\/wp\/v2\/users\/1"}],"replies":[{"embeddable":true,"href":"https:\/\/erchiro.fr\/index.php\/wp-json\/wp\/v2\/comments?post=174"}],"version-history":[{"count":13,"href":"https:\/\/erchiro.fr\/index.php\/wp-json\/wp\/v2\/pages\/174\/revisions"}],"predecessor-version":[{"id":482,"href":"https:\/\/erchiro.fr\/index.php\/wp-json\/wp\/v2\/pages\/174\/revisions\/482"}],"wp:attachment":[{"href":"https:\/\/erchiro.fr\/index.php\/wp-json\/wp\/v2\/media?parent=174"}],"curies":[{"name":"wp","href":"https:\/\/api.w.org\/{rel}","templated":true}]}}